{"id":1429,"date":"2018-01-23T22:48:03","date_gmt":"2018-01-24T03:48:03","guid":{"rendered":"https:\/\/aquamakina.ca\/conseils-entretien-piscines\/"},"modified":"2018-04-10T10:40:13","modified_gmt":"2018-04-10T14:40:13","slug":"pool-care","status":"publish","type":"page","link":"https:\/\/aquamakina.ca\/en\/pool-care\/","title":{"rendered":"Pool Care"},"content":{"rendered":"<p>Voici un calendrier d\u2019entretien, afin de conserver une eau de baignade claire et limpide tout l\u2019\u00e9t\u00e9.<\/p>\n<p>Quand il s&#8217;agit de produits chimiques de piscine, si un probl\u00e8me survient, ce ne sera pas en raison de mauvais produits, mais plut\u00f4t de la mauvaise combinaison des produits. Voici une marche \u00e0 suivre pour conserver une eau de piscine \u00e9tincelante durant toute votre saison de baignade.<\/p>\n<p>Ce guide d\u2019entretien vous permettra de maintenir les param\u00e8tres de votre eau aux valeurs appropri\u00e9es.<\/p>\n<p><strong>Alcalinit\u00e9 totale : 80 &#8211; 120 ppm<\/strong><br \/>\n<strong> Duret\u00e9 (en calcium) : 200 &#8211; 400 ppm<\/strong><br \/>\n<strong> Stabilisateur : 30 &#8211; 50 ppm<\/strong><br \/>\n<strong> pH : 7,2 &#8211; 7,8<\/strong><br \/>\n<strong> Chlore : 1 &#8211; 3 ppm<\/strong><\/p>\n<p><img loading=\"lazy\" decoding=\"async\" class=\"alignnone size-full wp-image-502\" src=\"http:\/\/15.156.204.92\/wp-content\/uploads\/2018\/02\/Aqua_Tableau_Pool_EN.png\" alt=\"\" width=\"1800\" height=\"718\" srcset=\"https:\/\/aquamakina.ca\/wp-content\/uploads\/2018\/02\/Aqua_Tableau_Pool_EN.png 1800w, https:\/\/aquamakina.ca\/wp-content\/uploads\/2018\/02\/Aqua_Tableau_Pool_EN-416x166.png 416w, https:\/\/aquamakina.ca\/wp-content\/uploads\/2018\/02\/Aqua_Tableau_Pool_EN-300x120.png 300w, https:\/\/aquamakina.ca\/wp-content\/uploads\/2018\/02\/Aqua_Tableau_Pool_EN-768x306.png 768w, https:\/\/aquamakina.ca\/wp-content\/uploads\/2018\/02\/Aqua_Tableau_Pool_EN-1024x408.png 1024w, https:\/\/aquamakina.ca\/wp-content\/uploads\/2018\/02\/Aqua_Tableau_Pool_EN-90x36.png 90w\" sizes=\"auto, (max-width: 1800px) 100vw, 1800px\" \/><\/p>\n<p>&nbsp;<\/p>\n<p><strong>Utilisation du tableau d\u2019entretien pour piscine<\/strong><br \/>\nCe tableau d\u2019entretien vous indique la marche \u00e0 suivre pour conserver une eau de piscine claire et cristalline tout au long de l\u2019\u00e9t\u00e9. Les produits sugg\u00e9r\u00e9s contribuent \u00e0 pr\u00e9venir l\u2019usure pr\u00e9matur\u00e9e des diverses composantes de votre piscine. Consultez toujours le mode d&#8217;emploi sur les \u00e9tiquettes des produits pour conna\u00eetre les quantit\u00e9s \u00e0 utiliser selon vos besoins. Lors de l&#8217;entretien hebdomadaire (semaines 1 \u00e0 13), attendez id\u00e9alement 30 minutes entre chaque produit. Toutefois, l&#8217;ordre des produits n&#8217;a aucune importance.<\/p>\n<p>Une trousse d&#8217;ouverture facilitera le processus d&#8217;ouverture de votre piscine. Une fois que votre eau est claire et limpide, vous pouvez passer aux \u00e9tapes suivantes de l&#8217;ouverture de la piscine.<\/p>\n<p>En d\u00e9but ou en fin de saison, utilisez un nettoyant pour filtre \u00e0 sable. Celui-ci nettoie et d\u00e9graisse le filtre \u00e0 sable de votre piscine. Il d\u00e9loge les huiles et les graisses incrust\u00e9es dans les grains de sable de votre filtre de piscine, ce qui am\u00e9liore l&#8217;efficacit\u00e9 de la filtration.<\/p>\n<p>Vous aurez int\u00e9r\u00eat \u00e0 analyser l&#8217;eau de votre piscine sur une base r\u00e9guli\u00e8re, afin de conserver une eau claire et limpide durant toute la saison de baignade. Cela facilite l&#8217;\u00e9tablissement et le maintien des param\u00e8tres suivants : l&#8217;alcalinit\u00e9 totale, la duret\u00e9 calcique et le stabilisant. Id\u00e9alement, vous proc\u00e9derez \u00e0 une telle analyse d\u00e8s la semaine suivant l&#8217;ouverture de votre piscine, au d\u00e9but de juin, puis \u00e0 la fin juillet. Gardez \u00e0 l&#8217;esprit que le stabilisant est primordial, puisqu&#8217;il emp\u00eache le chlore de dispara\u00eetre sous l&#8217;action des rayons UV du soleil. L&#8217;ajout du stabilisant en d\u00e9but de saison vous permettra d&#8217;\u00e9conomiser jusqu&#8217;\u00e0 40 % de chlore au cours de l&#8217;\u00e9t\u00e9. ATTENTION! N&#8217;utilisez pas de stabilisant avec le chlore en pastilles, celui-ci en contient d\u00e9j\u00e0.<\/p>\n<p>En tout temps, vous devez ajuster et maintenir les param\u00e8tres du pH et du chlore aux valeurs appropri\u00e9es. Sur une base quotidienne, ou au besoin, vous aurez \u00e0 ajouter le chlore n\u00e9cessaire. Le pH s&#8217;ajuste chaque semaine.<\/p>\n<p>Une fois toutes les deux semaines, le traitement choc sans chlore\u00a0doit \u00eatre utilis\u00e9 pour oxyder les contaminants et \u00e9liminer les chloramines (l&#8217;odeur de chlore). Ce traitement vous permettra \u00e9galement d&#8217;\u00e9conomiser du chlore. La baignade est possible imm\u00e9diatement apr\u00e8s ce type de traitement.<\/p>\n<p>Pour pr\u00e9venir la prolif\u00e9ration des algues, ou d\u00e9truire celles-ci, ajoutez de l&#8217;algicide destructeur 40 % ou 60 %. Notez que les algicides \u00e0 concentration de 5 %, 10 % et 15 % agissent \u00e0 titre pr\u00e9ventif et n&#8217;auront aucun effet sur les algues visibles.<\/p>\n<p>Pour \u00e9liminer les particules en suspension et redonner son \u00e9clat \u00e0 votre eau, l&#8217;utilisation du clarifiant sur une base hebdomadaire est conseill\u00e9e. Le clarifiant en b\u00e2ton pr\u00e9mesur\u00e9 est recommand\u00e9, car il est nettement plus efficace et simple \u00e0 utiliser que la formule liquide.<\/p>\n<p>\u00c0 la fin de la saison, une trousse de fermeture s&#8217;av\u00e8re une solution simple et efficace pour proc\u00e9der \u00e0 la fermeture de votre piscine, en pr\u00e9vision de votre prochaine saison de baignade.<\/p>\n","protected":false},"excerpt":{"rendered":"<p>Voici un calendrier d\u2019entretien, afin de conserver une eau de baignade claire et limpide tout l\u2019\u00e9t\u00e9. Quand il s&#8217;agit de produits chimiques de piscine, si un probl\u00e8me survient, ce ne sera pas en raison de mauvais produits, mais plut\u00f4t de la mauvaise combinaison des produits. Voici une marche \u00e0 suivre pour conserver une eau de [&hellip;]<\/p>\n","protected":false},"author":20,"featured_media":0,"parent":0,"menu_order":0,"comment_status":"closed","ping_status":"closed","template":"","meta":{"footnotes":""},"class_list":["post-1429","page","type-page","status-publish","hentry"],"yoast_head":"<!-- This site is optimized with the Yoast SEO plugin v26.3 - https:\/\/yoast.com\/wordpress\/plugins\/seo\/ -->\n<title>Pool Care | AquaMakina<\/title>\n<meta name=\"robots\" content=\"index, follow, max-snippet:-1, max-image-preview:large, max-video-preview:-1\" \/>\n<link rel=\"canonical\" href=\"https:\/\/ec2-15-156-204-92.ca-central-1.compute.amazonaws.com\/en\/pool-care\/\" \/>\n<meta property=\"og:locale\" content=\"en_US\" \/>\n<meta property=\"og:type\" content=\"article\" \/>\n<meta property=\"og:title\" content=\"Pool Care | AquaMakina\" \/>\n<meta property=\"og:description\" content=\"Voici un calendrier d\u2019entretien, afin de conserver une eau de baignade claire et limpide tout l\u2019\u00e9t\u00e9. Quand il s&#8217;agit de produits chimiques de piscine, si un probl\u00e8me survient, ce ne sera pas en raison de mauvais produits, mais plut\u00f4t de la mauvaise combinaison des produits. Voici une marche \u00e0 suivre pour conserver une eau de [&hellip;]\" \/>\n<meta property=\"og:url\" content=\"https:\/\/ec2-15-156-204-92.ca-central-1.compute.amazonaws.com\/en\/pool-care\/\" \/>\n<meta property=\"og:site_name\" content=\"AquaMakina\" \/>\n<meta property=\"article:modified_time\" content=\"2018-04-10T14:40:13+00:00\" \/>\n<meta property=\"og:image\" content=\"http:\/\/15.156.204.92\/wp-content\/uploads\/2018\/02\/Aqua_Tableau_Pool_EN.png\" \/>\n<meta name=\"twitter:card\" content=\"summary_large_image\" \/>\n<meta name=\"twitter:label1\" content=\"Est. reading time\" \/>\n\t<meta name=\"twitter:data1\" content=\"3 minutes\" \/>\n<script type=\"application\/ld+json\" class=\"yoast-schema-graph\">{\"@context\":\"https:\/\/schema.org\",\"@graph\":[{\"@type\":\"WebPage\",\"@id\":\"https:\/\/ec2-15-156-204-92.ca-central-1.compute.amazonaws.com\/en\/pool-care\/\",\"url\":\"https:\/\/ec2-15-156-204-92.ca-central-1.compute.amazonaws.com\/en\/pool-care\/\",\"name\":\"Pool Care | AquaMakina\",\"isPartOf\":{\"@id\":\"https:\/\/aquamakina.ca\/en\/#website\"},\"primaryImageOfPage\":{\"@id\":\"https:\/\/ec2-15-156-204-92.ca-central-1.compute.amazonaws.com\/en\/pool-care\/#primaryimage\"},\"image\":{\"@id\":\"https:\/\/ec2-15-156-204-92.ca-central-1.compute.amazonaws.com\/en\/pool-care\/#primaryimage\"},\"thumbnailUrl\":\"http:\/\/15.156.204.92\/wp-content\/uploads\/2018\/02\/Aqua_Tableau_Pool_EN.png\",\"datePublished\":\"2018-01-24T03:48:03+00:00\",\"dateModified\":\"2018-04-10T14:40:13+00:00\",\"breadcrumb\":{\"@id\":\"https:\/\/ec2-15-156-204-92.ca-central-1.compute.amazonaws.com\/en\/pool-care\/#breadcrumb\"},\"inLanguage\":\"en-US\",\"potentialAction\":[{\"@type\":\"ReadAction\",\"target\":[\"https:\/\/ec2-15-156-204-92.ca-central-1.compute.amazonaws.com\/en\/pool-care\/\"]}]},{\"@type\":\"ImageObject\",\"inLanguage\":\"en-US\",\"@id\":\"https:\/\/ec2-15-156-204-92.ca-central-1.compute.amazonaws.com\/en\/pool-care\/#primaryimage\",\"url\":\"http:\/\/15.156.204.92\/wp-content\/uploads\/2018\/02\/Aqua_Tableau_Pool_EN.png\",\"contentUrl\":\"http:\/\/15.156.204.92\/wp-content\/uploads\/2018\/02\/Aqua_Tableau_Pool_EN.png\"},{\"@type\":\"BreadcrumbList\",\"@id\":\"https:\/\/ec2-15-156-204-92.ca-central-1.compute.amazonaws.com\/en\/pool-care\/#breadcrumb\",\"itemListElement\":[{\"@type\":\"ListItem\",\"position\":1,\"name\":\"Home\",\"item\":\"https:\/\/aquamakina.ca\/en\/\"},{\"@type\":\"ListItem\",\"position\":2,\"name\":\"Pool Care\"}]},{\"@type\":\"WebSite\",\"@id\":\"https:\/\/aquamakina.ca\/en\/#website\",\"url\":\"https:\/\/aquamakina.ca\/en\/\",\"name\":\"AquaMakina\",\"description\":\"Pool and spa supplies\",\"publisher\":{\"@id\":\"https:\/\/aquamakina.ca\/en\/#organization\"},\"potentialAction\":[{\"@type\":\"SearchAction\",\"target\":{\"@type\":\"EntryPoint\",\"urlTemplate\":\"https:\/\/aquamakina.ca\/en\/?s={search_term_string}\"},\"query-input\":{\"@type\":\"PropertyValueSpecification\",\"valueRequired\":true,\"valueName\":\"search_term_string\"}}],\"inLanguage\":\"en-US\"},{\"@type\":\"Organization\",\"@id\":\"https:\/\/aquamakina.ca\/en\/#organization\",\"name\":\"AquaMakina\",\"url\":\"https:\/\/aquamakina.ca\/en\/\",\"logo\":{\"@type\":\"ImageObject\",\"inLanguage\":\"en-US\",\"@id\":\"https:\/\/aquamakina.ca\/en\/#\/schema\/logo\/image\/\",\"url\":\"https:\/\/aquamakina.ca\/wp-content\/uploads\/2018\/04\/cropped-Logo-Aquamakina-340.png\",\"contentUrl\":\"https:\/\/aquamakina.ca\/wp-content\/uploads\/2018\/04\/cropped-Logo-Aquamakina-340.png\",\"width\":340,\"height\":63,\"caption\":\"AquaMakina\"},\"image\":{\"@id\":\"https:\/\/aquamakina.ca\/en\/#\/schema\/logo\/image\/\"}}]}<\/script>\n<!-- \/ Yoast SEO plugin. -->","yoast_head_json":{"title":"Pool Care | AquaMakina","robots":{"index":"index","follow":"follow","max-snippet":"max-snippet:-1","max-image-preview":"max-image-preview:large","max-video-preview":"max-video-preview:-1"},"canonical":"https:\/\/ec2-15-156-204-92.ca-central-1.compute.amazonaws.com\/en\/pool-care\/","og_locale":"en_US","og_type":"article","og_title":"Pool Care | AquaMakina","og_description":"Voici un calendrier d\u2019entretien, afin de conserver une eau de baignade claire et limpide tout l\u2019\u00e9t\u00e9. Quand il s&#8217;agit de produits chimiques de piscine, si un probl\u00e8me survient, ce ne sera pas en raison de mauvais produits, mais plut\u00f4t de la mauvaise combinaison des produits. Voici une marche \u00e0 suivre pour conserver une eau de [&hellip;]","og_url":"https:\/\/ec2-15-156-204-92.ca-central-1.compute.amazonaws.com\/en\/pool-care\/","og_site_name":"AquaMakina","article_modified_time":"2018-04-10T14:40:13+00:00","og_image":[{"url":"http:\/\/15.156.204.92\/wp-content\/uploads\/2018\/02\/Aqua_Tableau_Pool_EN.png","type":"","width":"","height":""}],"twitter_card":"summary_large_image","twitter_misc":{"Est. reading time":"3 minutes"},"schema":{"@context":"https:\/\/schema.org","@graph":[{"@type":"WebPage","@id":"https:\/\/ec2-15-156-204-92.ca-central-1.compute.amazonaws.com\/en\/pool-care\/","url":"https:\/\/ec2-15-156-204-92.ca-central-1.compute.amazonaws.com\/en\/pool-care\/","name":"Pool Care | AquaMakina","isPartOf":{"@id":"https:\/\/aquamakina.ca\/en\/#website"},"primaryImageOfPage":{"@id":"https:\/\/ec2-15-156-204-92.ca-central-1.compute.amazonaws.com\/en\/pool-care\/#primaryimage"},"image":{"@id":"https:\/\/ec2-15-156-204-92.ca-central-1.compute.amazonaws.com\/en\/pool-care\/#primaryimage"},"thumbnailUrl":"http:\/\/15.156.204.92\/wp-content\/uploads\/2018\/02\/Aqua_Tableau_Pool_EN.png","datePublished":"2018-01-24T03:48:03+00:00","dateModified":"2018-04-10T14:40:13+00:00","breadcrumb":{"@id":"https:\/\/ec2-15-156-204-92.ca-central-1.compute.amazonaws.com\/en\/pool-care\/#breadcrumb"},"inLanguage":"en-US","potentialAction":[{"@type":"ReadAction","target":["https:\/\/ec2-15-156-204-92.ca-central-1.compute.amazonaws.com\/en\/pool-care\/"]}]},{"@type":"ImageObject","inLanguage":"en-US","@id":"https:\/\/ec2-15-156-204-92.ca-central-1.compute.amazonaws.com\/en\/pool-care\/#primaryimage","url":"http:\/\/15.156.204.92\/wp-content\/uploads\/2018\/02\/Aqua_Tableau_Pool_EN.png","contentUrl":"http:\/\/15.156.204.92\/wp-content\/uploads\/2018\/02\/Aqua_Tableau_Pool_EN.png"},{"@type":"BreadcrumbList","@id":"https:\/\/ec2-15-156-204-92.ca-central-1.compute.amazonaws.com\/en\/pool-care\/#breadcrumb","itemListElement":[{"@type":"ListItem","position":1,"name":"Home","item":"https:\/\/aquamakina.ca\/en\/"},{"@type":"ListItem","position":2,"name":"Pool Care"}]},{"@type":"WebSite","@id":"https:\/\/aquamakina.ca\/en\/#website","url":"https:\/\/aquamakina.ca\/en\/","name":"AquaMakina","description":"Pool and spa supplies","publisher":{"@id":"https:\/\/aquamakina.ca\/en\/#organization"},"potentialAction":[{"@type":"SearchAction","target":{"@type":"EntryPoint","urlTemplate":"https:\/\/aquamakina.ca\/en\/?s={search_term_string}"},"query-input":{"@type":"PropertyValueSpecification","valueRequired":true,"valueName":"search_term_string"}}],"inLanguage":"en-US"},{"@type":"Organization","@id":"https:\/\/aquamakina.ca\/en\/#organization","name":"AquaMakina","url":"https:\/\/aquamakina.ca\/en\/","logo":{"@type":"ImageObject","inLanguage":"en-US","@id":"https:\/\/aquamakina.ca\/en\/#\/schema\/logo\/image\/","url":"https:\/\/aquamakina.ca\/wp-content\/uploads\/2018\/04\/cropped-Logo-Aquamakina-340.png","contentUrl":"https:\/\/aquamakina.ca\/wp-content\/uploads\/2018\/04\/cropped-Logo-Aquamakina-340.png","width":340,"height":63,"caption":"AquaMakina"},"image":{"@id":"https:\/\/aquamakina.ca\/en\/#\/schema\/logo\/image\/"}}]}},"_links":{"self":[{"href":"https:\/\/aquamakina.ca\/en\/wp-json\/wp\/v2\/pages\/1429","targetHints":{"allow":["GET"]}}],"collection":[{"href":"https:\/\/aquamakina.ca\/en\/wp-json\/wp\/v2\/pages"}],"about":[{"href":"https:\/\/aquamakina.ca\/en\/wp-json\/wp\/v2\/types\/page"}],"author":[{"embeddable":true,"href":"https:\/\/aquamakina.ca\/en\/wp-json\/wp\/v2\/users\/20"}],"replies":[{"embeddable":true,"href":"https:\/\/aquamakina.ca\/en\/wp-json\/wp\/v2\/comments?post=1429"}],"version-history":[{"count":2,"href":"https:\/\/aquamakina.ca\/en\/wp-json\/wp\/v2\/pages\/1429\/revisions"}],"predecessor-version":[{"id":1431,"href":"https:\/\/aquamakina.ca\/en\/wp-json\/wp\/v2\/pages\/1429\/revisions\/1431"}],"wp:attachment":[{"href":"https:\/\/aquamakina.ca\/en\/wp-json\/wp\/v2\/media?parent=1429"}],"curies":[{"name":"wp","href":"https:\/\/api.w.org\/{rel}","templated":true}]}}