{"id":2036,"date":"2018-01-09T11:52:59","date_gmt":"2018-01-09T16:52:59","guid":{"rendered":"https:\/\/aquamakina.ca\/boutique\/shock-n-soak\/"},"modified":"2020-04-02T22:01:20","modified_gmt":"2020-04-03T02:01:20","slug":"granules-brome","status":"publish","type":"product","link":"https:\/\/aquamakina.ca\/en\/boutique\/granules-brome\/","title":{"rendered":"SPA-Bromine Granules"},"content":{"rendered":"<p>Bromine Granules contains a blend of bromide salts and a chlorine activator for the production of active bromine in hot tub water for controlling harmful micro organisms. Ideal for regular hand feed applications, periodic shock treatments and to boost bromine levels when they are low.<\/p>\n<p>700 gr= 23,74$<\/p>\n<p>2,5 kg= 73,18<\/p>\n<p>Contr\u00f4le les bact\u00e9ries et les algues dans l&#8217;eau du spa.<\/p>\n<p><span style=\"color: #000000; font-family: Times New Roman;\">Des granules de brome stabilis\u00e9 qui contiennent un m\u00e9lange de bromure de sodium et d&#8217;acide isocyanurique de dichlorure de sodium pour produire du brome actif dans l&#8217;eau de spa afin de contr\u00f4ler les micro-organismes nuisibles. Elles sont id\u00e9ales pour les applications r\u00e9guli\u00e8res \u00e0 la main et les traitements chocs p\u00e9riodiques. <\/span><\/p>\n<p>&nbsp;<\/p>\n","protected":false},"excerpt":{"rendered":"<p>Bromine Granules contains a blend of bromide salts and a chlorine activator for the production of active bromine in hot tub water for controlling harmful micro organisms.<\/p>\n","protected":false},"featured_media":3221,"template":"","meta":[],"product_brand":[],"product_cat":[112,109],"product_tag":[179],"class_list":{"0":"post-2036","1":"product","2":"type-product","3":"status-publish","4":"has-post-thumbnail","6":"product_cat-spa-shock-treatment","7":"product_cat-spa-chemicals","8":"product_tag-dazzle-en","10":"first","11":"instock","12":"taxable","13":"shipping-taxable","14":"purchasable","15":"product-type-variable"},"yoast_head":"<!-- This site is optimized with the Yoast SEO plugin v26.3 - https:\/\/yoast.com\/wordpress\/plugins\/seo\/ -->\n<title>SPA-Bromine Granules | AquaMakina<\/title>\n<meta name=\"robots\" content=\"index, follow, max-snippet:-1, max-image-preview:large, max-video-preview:-1\" \/>\n<link rel=\"canonical\" href=\"https:\/\/aquamakina.ca\/en\/boutique\/granules-brome\/\" \/>\n<meta property=\"og:locale\" content=\"en_US\" \/>\n<meta property=\"og:type\" content=\"article\" \/>\n<meta property=\"og:title\" content=\"SPA-Bromine Granules | AquaMakina\" \/>\n<meta property=\"og:description\" content=\"Bromine Granules contains a blend of bromide salts and a chlorine activator for the production of active bromine in hot tub water for controlling harmful micro organisms.\" \/>\n<meta property=\"og:url\" content=\"https:\/\/aquamakina.ca\/en\/boutique\/granules-brome\/\" \/>\n<meta property=\"og:site_name\" content=\"AquaMakina\" \/>\n<meta property=\"article:modified_time\" content=\"2020-04-03T02:01:20+00:00\" \/>\n<meta property=\"og:image\" content=\"https:\/\/aquamakina.ca\/wp-content\/uploads\/2018\/01\/DAZ08402-Bromine-Granules-2_5kg.jpg\" \/>\n\t<meta property=\"og:image:width\" content=\"190\" \/>\n\t<meta property=\"og:image:height\" content=\"126\" \/>\n\t<meta property=\"og:image:type\" content=\"image\/jpeg\" \/>\n<meta name=\"twitter:card\" content=\"summary_large_image\" \/>\n<meta name=\"twitter:label1\" content=\"Est. reading time\" \/>\n\t<meta name=\"twitter:data1\" content=\"1 minute\" \/>\n<script type=\"application\/ld+json\" class=\"yoast-schema-graph\">{\"@context\":\"https:\/\/schema.org\",\"@graph\":[{\"@type\":\"WebPage\",\"@id\":\"https:\/\/aquamakina.ca\/en\/boutique\/granules-brome\/\",\"url\":\"https:\/\/aquamakina.ca\/en\/boutique\/granules-brome\/\",\"name\":\"SPA-Bromine Granules | AquaMakina\",\"isPartOf\":{\"@id\":\"https:\/\/aquamakina.ca\/#website\"},\"primaryImageOfPage\":{\"@id\":\"https:\/\/aquamakina.ca\/en\/boutique\/granules-brome\/#primaryimage\"},\"image\":{\"@id\":\"https:\/\/aquamakina.ca\/en\/boutique\/granules-brome\/#primaryimage\"},\"thumbnailUrl\":\"https:\/\/aquamakina.ca\/wp-content\/uploads\/2018\/01\/DAZ08402-Bromine-Granules-2_5kg.jpg\",\"datePublished\":\"2018-01-09T16:52:59+00:00\",\"dateModified\":\"2020-04-03T02:01:20+00:00\",\"breadcrumb\":{\"@id\":\"https:\/\/aquamakina.ca\/en\/boutique\/granules-brome\/#breadcrumb\"},\"inLanguage\":\"en-US\",\"potentialAction\":[{\"@type\":\"ReadAction\",\"target\":[\"https:\/\/aquamakina.ca\/en\/boutique\/granules-brome\/\"]}]},{\"@type\":\"ImageObject\",\"inLanguage\":\"en-US\",\"@id\":\"https:\/\/aquamakina.ca\/en\/boutique\/granules-brome\/#primaryimage\",\"url\":\"https:\/\/aquamakina.ca\/wp-content\/uploads\/2018\/01\/DAZ08402-Bromine-Granules-2_5kg.jpg\",\"contentUrl\":\"https:\/\/aquamakina.ca\/wp-content\/uploads\/2018\/01\/DAZ08402-Bromine-Granules-2_5kg.jpg\",\"width\":190,\"height\":126},{\"@type\":\"BreadcrumbList\",\"@id\":\"https:\/\/aquamakina.ca\/en\/boutique\/granules-brome\/#breadcrumb\",\"itemListElement\":[{\"@type\":\"ListItem\",\"position\":1,\"name\":\"Home\",\"item\":\"https:\/\/aquamakina.ca\/en\/\"},{\"@type\":\"ListItem\",\"position\":2,\"name\":\"Shop\",\"item\":\"https:\/\/aquamakina.ca\/en\/shop\/\"},{\"@type\":\"ListItem\",\"position\":3,\"name\":\"SPA-Bromine Granules\"}]},{\"@type\":\"WebSite\",\"@id\":\"https:\/\/aquamakina.ca\/#website\",\"url\":\"https:\/\/aquamakina.ca\/\",\"name\":\"AquaMakina\",\"description\":\"Pool and spa supplies\",\"publisher\":{\"@id\":\"https:\/\/aquamakina.ca\/#organization\"},\"potentialAction\":[{\"@type\":\"SearchAction\",\"target\":{\"@type\":\"EntryPoint\",\"urlTemplate\":\"https:\/\/aquamakina.ca\/?s={search_term_string}\"},\"query-input\":{\"@type\":\"PropertyValueSpecification\",\"valueRequired\":true,\"valueName\":\"search_term_string\"}}],\"inLanguage\":\"en-US\"},{\"@type\":\"Organization\",\"@id\":\"https:\/\/aquamakina.ca\/#organization\",\"name\":\"AquaMakina\",\"url\":\"https:\/\/aquamakina.ca\/\",\"logo\":{\"@type\":\"ImageObject\",\"inLanguage\":\"en-US\",\"@id\":\"https:\/\/aquamakina.ca\/#\/schema\/logo\/image\/\",\"url\":\"https:\/\/aquamakina.ca\/wp-content\/uploads\/2018\/04\/cropped-Logo-Aquamakina-340.png\",\"contentUrl\":\"https:\/\/aquamakina.ca\/wp-content\/uploads\/2018\/04\/cropped-Logo-Aquamakina-340.png\",\"width\":340,\"height\":63,\"caption\":\"AquaMakina\"},\"image\":{\"@id\":\"https:\/\/aquamakina.ca\/#\/schema\/logo\/image\/\"}}]}<\/script>\n<!-- \/ Yoast SEO plugin. -->","yoast_head_json":{"title":"SPA-Bromine Granules | AquaMakina","robots":{"index":"index","follow":"follow","max-snippet":"max-snippet:-1","max-image-preview":"max-image-preview:large","max-video-preview":"max-video-preview:-1"},"canonical":"https:\/\/aquamakina.ca\/en\/boutique\/granules-brome\/","og_locale":"en_US","og_type":"article","og_title":"SPA-Bromine Granules | AquaMakina","og_description":"Bromine Granules contains a blend of bromide salts and a chlorine activator for the production of active bromine in hot tub water for controlling harmful micro organisms.","og_url":"https:\/\/aquamakina.ca\/en\/boutique\/granules-brome\/","og_site_name":"AquaMakina","article_modified_time":"2020-04-03T02:01:20+00:00","og_image":[{"width":190,"height":126,"url":"https:\/\/aquamakina.ca\/wp-content\/uploads\/2018\/01\/DAZ08402-Bromine-Granules-2_5kg.jpg","type":"image\/jpeg"}],"twitter_card":"summary_large_image","twitter_misc":{"Est. reading time":"1 minute"},"schema":{"@context":"https:\/\/schema.org","@graph":[{"@type":"WebPage","@id":"https:\/\/aquamakina.ca\/en\/boutique\/granules-brome\/","url":"https:\/\/aquamakina.ca\/en\/boutique\/granules-brome\/","name":"SPA-Bromine Granules | AquaMakina","isPartOf":{"@id":"https:\/\/aquamakina.ca\/#website"},"primaryImageOfPage":{"@id":"https:\/\/aquamakina.ca\/en\/boutique\/granules-brome\/#primaryimage"},"image":{"@id":"https:\/\/aquamakina.ca\/en\/boutique\/granules-brome\/#primaryimage"},"thumbnailUrl":"https:\/\/aquamakina.ca\/wp-content\/uploads\/2018\/01\/DAZ08402-Bromine-Granules-2_5kg.jpg","datePublished":"2018-01-09T16:52:59+00:00","dateModified":"2020-04-03T02:01:20+00:00","breadcrumb":{"@id":"https:\/\/aquamakina.ca\/en\/boutique\/granules-brome\/#breadcrumb"},"inLanguage":"en-US","potentialAction":[{"@type":"ReadAction","target":["https:\/\/aquamakina.ca\/en\/boutique\/granules-brome\/"]}]},{"@type":"ImageObject","inLanguage":"en-US","@id":"https:\/\/aquamakina.ca\/en\/boutique\/granules-brome\/#primaryimage","url":"https:\/\/aquamakina.ca\/wp-content\/uploads\/2018\/01\/DAZ08402-Bromine-Granules-2_5kg.jpg","contentUrl":"https:\/\/aquamakina.ca\/wp-content\/uploads\/2018\/01\/DAZ08402-Bromine-Granules-2_5kg.jpg","width":190,"height":126},{"@type":"BreadcrumbList","@id":"https:\/\/aquamakina.ca\/en\/boutique\/granules-brome\/#breadcrumb","itemListElement":[{"@type":"ListItem","position":1,"name":"Home","item":"https:\/\/aquamakina.ca\/en\/"},{"@type":"ListItem","position":2,"name":"Shop","item":"https:\/\/aquamakina.ca\/en\/shop\/"},{"@type":"ListItem","position":3,"name":"SPA-Bromine Granules"}]},{"@type":"WebSite","@id":"https:\/\/aquamakina.ca\/#website","url":"https:\/\/aquamakina.ca\/","name":"AquaMakina","description":"Pool and spa supplies","publisher":{"@id":"https:\/\/aquamakina.ca\/#organization"},"potentialAction":[{"@type":"SearchAction","target":{"@type":"EntryPoint","urlTemplate":"https:\/\/aquamakina.ca\/?s={search_term_string}"},"query-input":{"@type":"PropertyValueSpecification","valueRequired":true,"valueName":"search_term_string"}}],"inLanguage":"en-US"},{"@type":"Organization","@id":"https:\/\/aquamakina.ca\/#organization","name":"AquaMakina","url":"https:\/\/aquamakina.ca\/","logo":{"@type":"ImageObject","inLanguage":"en-US","@id":"https:\/\/aquamakina.ca\/#\/schema\/logo\/image\/","url":"https:\/\/aquamakina.ca\/wp-content\/uploads\/2018\/04\/cropped-Logo-Aquamakina-340.png","contentUrl":"https:\/\/aquamakina.ca\/wp-content\/uploads\/2018\/04\/cropped-Logo-Aquamakina-340.png","width":340,"height":63,"caption":"AquaMakina"},"image":{"@id":"https:\/\/aquamakina.ca\/#\/schema\/logo\/image\/"}}]}},"_links":{"self":[{"href":"https:\/\/aquamakina.ca\/en\/wp-json\/wp\/v2\/product\/2036","targetHints":{"allow":["GET"]}}],"collection":[{"href":"https:\/\/aquamakina.ca\/en\/wp-json\/wp\/v2\/product"}],"about":[{"href":"https:\/\/aquamakina.ca\/en\/wp-json\/wp\/v2\/types\/product"}],"wp:featuredmedia":[{"embeddable":true,"href":"https:\/\/aquamakina.ca\/en\/wp-json\/wp\/v2\/media\/3221"}],"wp:attachment":[{"href":"https:\/\/aquamakina.ca\/en\/wp-json\/wp\/v2\/media?parent=2036"}],"wp:term":[{"taxonomy":"product_brand","embeddable":true,"href":"https:\/\/aquamakina.ca\/en\/wp-json\/wp\/v2\/product_brand?post=2036"},{"taxonomy":"product_cat","embeddable":true,"href":"https:\/\/aquamakina.ca\/en\/wp-json\/wp\/v2\/product_cat?post=2036"},{"taxonomy":"product_tag","embeddable":true,"href":"https:\/\/aquamakina.ca\/en\/wp-json\/wp\/v2\/product_tag?post=2036"}],"curies":[{"name":"wp","href":"https:\/\/api.w.org\/{rel}","templated":true}]}}