{"id":3798,"date":"2021-03-29T15:44:45","date_gmt":"2021-03-29T19:44:45","guid":{"rendered":"https:\/\/aquamakina.ca\/?post_type=product&#038;p=3798"},"modified":"2021-03-29T15:50:22","modified_gmt":"2021-03-29T19:50:22","slug":"comfort-sensation-coral-spa","status":"publish","type":"product","link":"https:\/\/aquamakina.ca\/en\/boutique\/comfort-sensation-coral-spa\/","title":{"rendered":"Comfort sensation &#8211; Coral Spa"},"content":{"rendered":"<p>Adoucisseur d\u2019eau aromatis\u00e9. Ce produit rend l\u2019eau plus douce pour la peau et d\u00e9gage une odeur agr\u00e9able pour un confort in\u00e9gal\u00e9.<\/p>\n","protected":false},"excerpt":{"rendered":"<p>Format : 1 kg<\/p>\n","protected":false},"featured_media":3802,"template":"","meta":[],"product_brand":[],"product_cat":[96,31,32],"product_tag":[],"class_list":{"0":"post-3798","1":"product","2":"type-product","3":"status-publish","4":"has-post-thumbnail","6":"product_cat-produits-chimiques","7":"product_cat-produits-chimiques-pour-spa","8":"product_cat-produits-chimiques-specialises-pour-spa","10":"first","11":"instock","12":"taxable","13":"shipping-taxable","14":"purchasable","15":"product-type-simple"},"yoast_head":"<!-- This site is optimized with the Yoast SEO plugin v26.3 - https:\/\/yoast.com\/wordpress\/plugins\/seo\/ -->\n<title>Comfort sensation - Coral Spa | AquaMakina<\/title>\n<meta name=\"robots\" content=\"index, follow, max-snippet:-1, max-image-preview:large, max-video-preview:-1\" \/>\n<link rel=\"canonical\" href=\"https:\/\/15.156.204.92\/en\/boutique\/comfort-sensation-coral-spa\/\" \/>\n<meta property=\"og:locale\" content=\"en_US\" \/>\n<meta property=\"og:type\" content=\"article\" \/>\n<meta property=\"og:title\" content=\"Comfort sensation - Coral Spa | AquaMakina\" \/>\n<meta property=\"og:description\" content=\"Format : 1 kg\" \/>\n<meta property=\"og:url\" content=\"https:\/\/15.156.204.92\/en\/boutique\/comfort-sensation-coral-spa\/\" \/>\n<meta property=\"og:site_name\" content=\"AquaMakina\" \/>\n<meta property=\"article:modified_time\" content=\"2021-03-29T19:50:22+00:00\" \/>\n<meta property=\"og:image\" content=\"https:\/\/15.156.204.92\/wp-content\/uploads\/2021\/03\/vyysgnhhuwry0ks4sp2f.jpg\" \/>\n\t<meta property=\"og:image:width\" content=\"640\" \/>\n\t<meta property=\"og:image:height\" content=\"853\" \/>\n\t<meta property=\"og:image:type\" content=\"image\/jpeg\" \/>\n<meta name=\"twitter:card\" content=\"summary_large_image\" \/>\n<script type=\"application\/ld+json\" class=\"yoast-schema-graph\">{\"@context\":\"https:\/\/schema.org\",\"@graph\":[{\"@type\":\"WebPage\",\"@id\":\"https:\/\/15.156.204.92\/en\/boutique\/comfort-sensation-coral-spa\/\",\"url\":\"https:\/\/15.156.204.92\/en\/boutique\/comfort-sensation-coral-spa\/\",\"name\":\"Comfort sensation - Coral Spa | AquaMakina\",\"isPartOf\":{\"@id\":\"https:\/\/aquamakina.ca\/#website\"},\"primaryImageOfPage\":{\"@id\":\"https:\/\/15.156.204.92\/en\/boutique\/comfort-sensation-coral-spa\/#primaryimage\"},\"image\":{\"@id\":\"https:\/\/15.156.204.92\/en\/boutique\/comfort-sensation-coral-spa\/#primaryimage\"},\"thumbnailUrl\":\"https:\/\/aquamakina.ca\/wp-content\/uploads\/2021\/03\/vyysgnhhuwry0ks4sp2f.jpg\",\"datePublished\":\"2021-03-29T19:44:45+00:00\",\"dateModified\":\"2021-03-29T19:50:22+00:00\",\"breadcrumb\":{\"@id\":\"https:\/\/15.156.204.92\/en\/boutique\/comfort-sensation-coral-spa\/#breadcrumb\"},\"inLanguage\":\"en-US\",\"potentialAction\":[{\"@type\":\"ReadAction\",\"target\":[\"https:\/\/15.156.204.92\/en\/boutique\/comfort-sensation-coral-spa\/\"]}]},{\"@type\":\"ImageObject\",\"inLanguage\":\"en-US\",\"@id\":\"https:\/\/15.156.204.92\/en\/boutique\/comfort-sensation-coral-spa\/#primaryimage\",\"url\":\"https:\/\/aquamakina.ca\/wp-content\/uploads\/2021\/03\/vyysgnhhuwry0ks4sp2f.jpg\",\"contentUrl\":\"https:\/\/aquamakina.ca\/wp-content\/uploads\/2021\/03\/vyysgnhhuwry0ks4sp2f.jpg\",\"width\":640,\"height\":853},{\"@type\":\"BreadcrumbList\",\"@id\":\"https:\/\/15.156.204.92\/en\/boutique\/comfort-sensation-coral-spa\/#breadcrumb\",\"itemListElement\":[{\"@type\":\"ListItem\",\"position\":1,\"name\":\"Home\",\"item\":\"https:\/\/aquamakina.ca\/en\/\"},{\"@type\":\"ListItem\",\"position\":2,\"name\":\"Shop\",\"item\":\"https:\/\/aquamakina.ca\/en\/shop\/\"},{\"@type\":\"ListItem\",\"position\":3,\"name\":\"Comfort sensation &#8211; Coral Spa\"}]},{\"@type\":\"WebSite\",\"@id\":\"https:\/\/aquamakina.ca\/#website\",\"url\":\"https:\/\/aquamakina.ca\/\",\"name\":\"AquaMakina\",\"description\":\"Pool and spa supplies\",\"publisher\":{\"@id\":\"https:\/\/aquamakina.ca\/#organization\"},\"potentialAction\":[{\"@type\":\"SearchAction\",\"target\":{\"@type\":\"EntryPoint\",\"urlTemplate\":\"https:\/\/aquamakina.ca\/?s={search_term_string}\"},\"query-input\":{\"@type\":\"PropertyValueSpecification\",\"valueRequired\":true,\"valueName\":\"search_term_string\"}}],\"inLanguage\":\"en-US\"},{\"@type\":\"Organization\",\"@id\":\"https:\/\/aquamakina.ca\/#organization\",\"name\":\"AquaMakina\",\"url\":\"https:\/\/aquamakina.ca\/\",\"logo\":{\"@type\":\"ImageObject\",\"inLanguage\":\"en-US\",\"@id\":\"https:\/\/aquamakina.ca\/#\/schema\/logo\/image\/\",\"url\":\"https:\/\/aquamakina.ca\/wp-content\/uploads\/2018\/04\/cropped-Logo-Aquamakina-340.png\",\"contentUrl\":\"https:\/\/aquamakina.ca\/wp-content\/uploads\/2018\/04\/cropped-Logo-Aquamakina-340.png\",\"width\":340,\"height\":63,\"caption\":\"AquaMakina\"},\"image\":{\"@id\":\"https:\/\/aquamakina.ca\/#\/schema\/logo\/image\/\"}}]}<\/script>\n<!-- \/ Yoast SEO plugin. -->","yoast_head_json":{"title":"Comfort sensation - Coral Spa | AquaMakina","robots":{"index":"index","follow":"follow","max-snippet":"max-snippet:-1","max-image-preview":"max-image-preview:large","max-video-preview":"max-video-preview:-1"},"canonical":"https:\/\/15.156.204.92\/en\/boutique\/comfort-sensation-coral-spa\/","og_locale":"en_US","og_type":"article","og_title":"Comfort sensation - Coral Spa | AquaMakina","og_description":"Format : 1 kg","og_url":"https:\/\/15.156.204.92\/en\/boutique\/comfort-sensation-coral-spa\/","og_site_name":"AquaMakina","article_modified_time":"2021-03-29T19:50:22+00:00","og_image":[{"width":640,"height":853,"url":"https:\/\/15.156.204.92\/wp-content\/uploads\/2021\/03\/vyysgnhhuwry0ks4sp2f.jpg","type":"image\/jpeg"}],"twitter_card":"summary_large_image","schema":{"@context":"https:\/\/schema.org","@graph":[{"@type":"WebPage","@id":"https:\/\/15.156.204.92\/en\/boutique\/comfort-sensation-coral-spa\/","url":"https:\/\/15.156.204.92\/en\/boutique\/comfort-sensation-coral-spa\/","name":"Comfort sensation - Coral Spa | AquaMakina","isPartOf":{"@id":"https:\/\/aquamakina.ca\/#website"},"primaryImageOfPage":{"@id":"https:\/\/15.156.204.92\/en\/boutique\/comfort-sensation-coral-spa\/#primaryimage"},"image":{"@id":"https:\/\/15.156.204.92\/en\/boutique\/comfort-sensation-coral-spa\/#primaryimage"},"thumbnailUrl":"https:\/\/aquamakina.ca\/wp-content\/uploads\/2021\/03\/vyysgnhhuwry0ks4sp2f.jpg","datePublished":"2021-03-29T19:44:45+00:00","dateModified":"2021-03-29T19:50:22+00:00","breadcrumb":{"@id":"https:\/\/15.156.204.92\/en\/boutique\/comfort-sensation-coral-spa\/#breadcrumb"},"inLanguage":"en-US","potentialAction":[{"@type":"ReadAction","target":["https:\/\/15.156.204.92\/en\/boutique\/comfort-sensation-coral-spa\/"]}]},{"@type":"ImageObject","inLanguage":"en-US","@id":"https:\/\/15.156.204.92\/en\/boutique\/comfort-sensation-coral-spa\/#primaryimage","url":"https:\/\/aquamakina.ca\/wp-content\/uploads\/2021\/03\/vyysgnhhuwry0ks4sp2f.jpg","contentUrl":"https:\/\/aquamakina.ca\/wp-content\/uploads\/2021\/03\/vyysgnhhuwry0ks4sp2f.jpg","width":640,"height":853},{"@type":"BreadcrumbList","@id":"https:\/\/15.156.204.92\/en\/boutique\/comfort-sensation-coral-spa\/#breadcrumb","itemListElement":[{"@type":"ListItem","position":1,"name":"Home","item":"https:\/\/aquamakina.ca\/en\/"},{"@type":"ListItem","position":2,"name":"Shop","item":"https:\/\/aquamakina.ca\/en\/shop\/"},{"@type":"ListItem","position":3,"name":"Comfort sensation &#8211; Coral Spa"}]},{"@type":"WebSite","@id":"https:\/\/aquamakina.ca\/#website","url":"https:\/\/aquamakina.ca\/","name":"AquaMakina","description":"Pool and spa supplies","publisher":{"@id":"https:\/\/aquamakina.ca\/#organization"},"potentialAction":[{"@type":"SearchAction","target":{"@type":"EntryPoint","urlTemplate":"https:\/\/aquamakina.ca\/?s={search_term_string}"},"query-input":{"@type":"PropertyValueSpecification","valueRequired":true,"valueName":"search_term_string"}}],"inLanguage":"en-US"},{"@type":"Organization","@id":"https:\/\/aquamakina.ca\/#organization","name":"AquaMakina","url":"https:\/\/aquamakina.ca\/","logo":{"@type":"ImageObject","inLanguage":"en-US","@id":"https:\/\/aquamakina.ca\/#\/schema\/logo\/image\/","url":"https:\/\/aquamakina.ca\/wp-content\/uploads\/2018\/04\/cropped-Logo-Aquamakina-340.png","contentUrl":"https:\/\/aquamakina.ca\/wp-content\/uploads\/2018\/04\/cropped-Logo-Aquamakina-340.png","width":340,"height":63,"caption":"AquaMakina"},"image":{"@id":"https:\/\/aquamakina.ca\/#\/schema\/logo\/image\/"}}]}},"_links":{"self":[{"href":"https:\/\/aquamakina.ca\/en\/wp-json\/wp\/v2\/product\/3798","targetHints":{"allow":["GET"]}}],"collection":[{"href":"https:\/\/aquamakina.ca\/en\/wp-json\/wp\/v2\/product"}],"about":[{"href":"https:\/\/aquamakina.ca\/en\/wp-json\/wp\/v2\/types\/product"}],"wp:featuredmedia":[{"embeddable":true,"href":"https:\/\/aquamakina.ca\/en\/wp-json\/wp\/v2\/media\/3802"}],"wp:attachment":[{"href":"https:\/\/aquamakina.ca\/en\/wp-json\/wp\/v2\/media?parent=3798"}],"wp:term":[{"taxonomy":"product_brand","embeddable":true,"href":"https:\/\/aquamakina.ca\/en\/wp-json\/wp\/v2\/product_brand?post=3798"},{"taxonomy":"product_cat","embeddable":true,"href":"https:\/\/aquamakina.ca\/en\/wp-json\/wp\/v2\/product_cat?post=3798"},{"taxonomy":"product_tag","embeddable":true,"href":"https:\/\/aquamakina.ca\/en\/wp-json\/wp\/v2\/product_tag?post=3798"}],"curies":[{"name":"wp","href":"https:\/\/api.w.org\/{rel}","templated":true}]}}